{"id":32,"date":"2011-11-22T09:31:17","date_gmt":"2011-11-22T09:31:17","guid":{"rendered":"http:\/\/www.empeca.lt\/?page_id=32"},"modified":"2011-11-24T16:18:11","modified_gmt":"2011-11-24T16:18:11","slug":"news","status":"publish","type":"page","link":"https:\/\/www.empeca.lt\/en\/?page_id=32","title":{"rendered":"News"},"content":{"rendered":"<h1>Spot UV varnishing machine Spotmatic 54<\/h1>\n<p><a title=\"Spotmatic 54\" href=\"http:\/\/www.komfieurope.com\/editor\/image\/produkty1\/obrazek_15.jpg\" rel=\"produkty1\" rev=\"\"><img loading=\"lazy\" decoding=\"async\" src=\"http:\/\/www.komfieurope.com\/editor\/image\/produkty1\/tn_obrazek_15.jpg\" alt=\"Spotmatic 54\" width=\"191\" height=\"158\" \/><\/a><\/p>\n<div>\n<p><strong>C<\/strong>ompact spot UV varnishing machine for jobs up to B2 sheet format<br \/>\n<strong>R<\/strong>obust and reliable solution using standard ink-jet technology<br \/>\n<strong>S<\/strong>pot UV varnishing directly from digital data via contact-less varnish application onto the sheet by ink-jet printing heads<br \/>\n<strong>F<\/strong>ast and easy processing of job with minimum preparation time<br \/>\n<strong>U<\/strong>ser interface on base of standard PC, user-friendly software and comfortable machine operation<\/p>\n<h2>Basic configuration<\/h2>\n<ul>\n<li>Automatic feeder with fixed lifting table<\/li>\n<li>Single action Komfi feeding head<\/li>\n<li>User selectable sheet registration guide (left \/\u00a0right)<\/li>\n<li>15 ink-jet printing heads<\/li>\n<li>Jogging table<\/li>\n<\/ul>\n<h2>Technical description<\/h2>\n<p>Spotmatic is a\u00a0solution for spot UV varnishing of printed output using standard ink-jet technology. This well known technology of spraying drops of ink\/varnish directly from digital data enables you fast and easy job processing with low preparation times. All you need is a\u00a0PDF or TIFF file with selected areas to be printed which corresponds to the printed sheet. The software user interface enables you moving the picture (area to be varnished) in all directions, changing size or modifying a\u00a0part of the picture in case it does not fully match with the image on the printed sheet. The operation is very easy \u2013 just push the button and see the result!<\/p>\n<h3>Technical parameters<\/h3>\n<table>\n<tbody>\n<tr>\n<th>Parameter<\/th>\n<th>Value<\/th>\n<\/tr>\n<tr>\n<td>Max. speed of varnishing:<\/td>\n<td>20 m\/min<\/td>\n<\/tr>\n<tr>\n<td>Min. sheet dimensions:<\/td>\n<td>23.5 x\u00a024.5 cm<\/td>\n<\/tr>\n<tr>\n<td>Max. sheet dimensions:<\/td>\n<td>54 x\u00a074\u00a0cm<\/td>\n<\/tr>\n<tr>\n<td>Paper weight:<\/td>\n<td>90-600 g\/m<sup>2<\/sup><\/td>\n<\/tr>\n<tr>\n<td>Processed data format:<\/td>\n<td>PDF, TIFF<\/td>\n<\/tr>\n<tr>\n<td>Varnish spraying technique:<\/td>\n<td>ink-jet<\/td>\n<\/tr>\n<tr>\n<td>Standard resolution value:<\/td>\n<td>360 dpi<\/td>\n<\/tr>\n<tr>\n<td>Application quantity:<\/td>\n<td>4.5 \/\u00a08.1 \/\u00a018 g\/m<sup>2<\/sup><\/td>\n<\/tr>\n<tr>\n<td>UV lamp power:<\/td>\n<td><\/td>\n<\/tr>\n<tr>\n<td>Machine dimensions incl. unloading table\u00a0(l x\u00a0w\u00a0x\u00a0h):<\/td>\n<td>340\u00a0\u00d7 127 \u00d7 160 cm<\/td>\n<\/tr>\n<tr>\n<td>Air supply:<\/td>\n<td><\/td>\n<\/tr>\n<tr>\n<td>Consumption of compressed air:<\/td>\n<td><\/td>\n<\/tr>\n<tr>\n<td>Power supply:<\/td>\n<td><\/td>\n<\/tr>\n<\/tbody>\n<\/table>\n<p>Note.: Parameters for basic configuration only!<br \/>\nThe above mentioned parameters are valid only for the latest model. The technical parameters can change.<\/p>\n<h2>Photogallery<\/h2>\n<table>\n<tbody>\n<tr>\n<td><img loading=\"lazy\" decoding=\"async\" src=\"http:\/\/www.komfieurope.com\/editor\/filestore\/Image\/Stroje\/2010-spot-varnish_RGB_150_x_200.jpg\" alt=\"Parci\u00e1ln\u00ed lakov\u00e1n\u00ed\" width=\"200\" height=\"150\" \/><\/td>\n<td><\/td>\n<td><\/td>\n<\/tr>\n<tr>\n<td>Spot varnishing<\/td>\n<td><\/td>\n<td><\/td>\n<\/tr>\n<\/tbody>\n<\/table>\n<\/div>\n","protected":false},"excerpt":{"rendered":"<p>Spot UV varnishing machine Spotmatic 54 Compact spot UV varnishing machine for jobs up to B2 sheet format Robust and reliable solution using standard ink-jet technology Spot UV varnishing directly from digital data via contact-less varnish application onto the sheet by ink-jet printing heads Fast and easy processing of job&#8230;<\/p>\n","protected":false},"author":1,"featured_media":0,"parent":0,"menu_order":0,"comment_status":"closed","ping_status":"closed","template":"","meta":{"footnotes":""},"class_list":["post-32","page","type-page","status-publish","hentry"],"_links":{"self":[{"href":"https:\/\/www.empeca.lt\/en\/index.php?rest_route=\/wp\/v2\/pages\/32","targetHints":{"allow":["GET"]}}],"collection":[{"href":"https:\/\/www.empeca.lt\/en\/index.php?rest_route=\/wp\/v2\/pages"}],"about":[{"href":"https:\/\/www.empeca.lt\/en\/index.php?rest_route=\/wp\/v2\/types\/page"}],"author":[{"embeddable":true,"href":"https:\/\/www.empeca.lt\/en\/index.php?rest_route=\/wp\/v2\/users\/1"}],"replies":[{"embeddable":true,"href":"https:\/\/www.empeca.lt\/en\/index.php?rest_route=%2Fwp%2Fv2%2Fcomments&post=32"}],"version-history":[{"count":6,"href":"https:\/\/www.empeca.lt\/en\/index.php?rest_route=\/wp\/v2\/pages\/32\/revisions"}],"predecessor-version":[{"id":199,"href":"https:\/\/www.empeca.lt\/en\/index.php?rest_route=\/wp\/v2\/pages\/32\/revisions\/199"}],"wp:attachment":[{"href":"https:\/\/www.empeca.lt\/en\/index.php?rest_route=%2Fwp%2Fv2%2Fmedia&parent=32"}],"curies":[{"name":"wp","href":"https:\/\/api.w.org\/{rel}","templated":true}]}}