{"id":20,"date":"2011-11-22T09:26:34","date_gmt":"2011-11-22T09:26:34","guid":{"rendered":"http:\/\/www.empeca.lt\/?page_id=20"},"modified":"2017-03-14T11:26:50","modified_gmt":"2017-03-14T11:26:50","slug":"komfi-laminating-machines","status":"publish","type":"page","link":"https:\/\/www.empeca.lt\/?page_id=20","title":{"rendered":"\u012eranga ir atsargin\u0117s dalys"},"content":{"rendered":"<pre><strong>Komfi lamnatoriai pirmauja savo tiksliu ir kontroliuojamu popieriaus padavimo i laminavimo \u012frengin\u012f<\/strong>\r\n\r\n<strong>technologiniu sprendimu, temperat\u016brini\u0173 zon\u0173 reguliavimu kaitinimo b\u016bgne, taip pat didele<\/strong>\r\n\r\n<strong>prispaud\u017eiam\u0105ja j\u0117ga. Be to, apatiniai prispaudimo b\u016bgnai yra apsaugoti nuo nepageidaujamo pl\u0117vel\u0117s<\/strong>\r\n\r\n<strong>prilipimo. Tvirtas Komfi laminavimo ma\u0161in\u0173 dizainas daro ma\u0161inas patikimas, kaip ir techni\u0161kai paprasti<\/strong>\r\n\r\n<strong>sprendimai ir lengvas aparato valdymas. Trumpas paruo\u0161imo laikas darbui, ypatingai nedideliems tira\u017eams<\/strong>\r\n\r\n<strong>yra pagrindin\u0117 ekonomi\u0161ko ir efektyvaus darbo garantija. Mus\u0173 pasi\u016blymas garantuoja auk\u0161\u010diausi\u0105<\/strong>\r\n\r\n<strong>u\u017elaminavimo kokyb\u0119.<\/strong><\/pre>\n","protected":false},"excerpt":{"rendered":"<p>Komfi lamnatoriai pirmauja savo tiksliu ir kontroliuojamu popieriaus padavimo i laminavimo \u012frengin\u012f technologiniu sprendimu, temperat\u016brini\u0173 zon\u0173 reguliavimu kaitinimo b\u016bgne, taip pat didele prispaud\u017eiam\u0105ja j\u0117ga. Be to, apatiniai prispaudimo b\u016bgnai yra apsaugoti nuo nepageidaujamo pl\u0117vel\u0117s prilipimo. Tvirtas Komfi laminavimo ma\u0161in\u0173 dizainas daro ma\u0161inas patikimas, kaip ir techni\u0161kai paprasti sprendimai ir lengvas&#8230;<\/p>\n","protected":false},"author":1,"featured_media":0,"parent":0,"menu_order":0,"comment_status":"open","ping_status":"closed","template":"template-portoflio-5.php","meta":{"footnotes":""},"class_list":["post-20","page","type-page","status-publish","hentry"],"_links":{"self":[{"href":"https:\/\/www.empeca.lt\/index.php?rest_route=\/wp\/v2\/pages\/20","targetHints":{"allow":["GET"]}}],"collection":[{"href":"https:\/\/www.empeca.lt\/index.php?rest_route=\/wp\/v2\/pages"}],"about":[{"href":"https:\/\/www.empeca.lt\/index.php?rest_route=\/wp\/v2\/types\/page"}],"author":[{"embeddable":true,"href":"https:\/\/www.empeca.lt\/index.php?rest_route=\/wp\/v2\/users\/1"}],"replies":[{"embeddable":true,"href":"https:\/\/www.empeca.lt\/index.php?rest_route=%2Fwp%2Fv2%2Fcomments&post=20"}],"version-history":[{"count":11,"href":"https:\/\/www.empeca.lt\/index.php?rest_route=\/wp\/v2\/pages\/20\/revisions"}],"predecessor-version":[{"id":307,"href":"https:\/\/www.empeca.lt\/index.php?rest_route=\/wp\/v2\/pages\/20\/revisions\/307"}],"wp:attachment":[{"href":"https:\/\/www.empeca.lt\/index.php?rest_route=%2Fwp%2Fv2%2Fmedia&parent=20"}],"curies":[{"name":"wp","href":"https:\/\/api.w.org\/{rel}","templated":true}]}}