{"id":68,"date":"2011-11-22T12:32:57","date_gmt":"2011-11-22T12:32:57","guid":{"rendered":"http:\/\/www.empeca.lt\/?page_id=68"},"modified":"2020-06-01T11:22:29","modified_gmt":"2020-06-01T11:22:29","slug":"home","status":"publish","type":"page","link":"https:\/\/www.empeca.lt\/?page_id=68","title":{"rendered":"Prad\u017eia"},"content":{"rendered":"<div class=\"container_12\" style=\"z-index: 234; position: relative;\">\n<div class=\"grid_2\" style=\"background-color: #f4f4f4; border: 1px solid #ECECEC; border-radius: 10px 10px 10px 10px; padding: 15px; width: 187px;\">\n<p><span class=\"Apple-style-span\" style=\"font-weight: bold;\">EMPECA<br \/>\n<\/span><\/p>\n<ul class=\"home-list thin-arrow-list\">\n<li>Versle nuo 1997 met\u0173<\/li>\n<li>Oficialus \u00a0<strong>Komfi<\/strong>\u00ae \u00a0atstovas Lietuvoje<\/li>\n<li>Oficialus\u00a0<strong>KDX<\/strong>\u00ae pl\u0117veli\u0173 atstovas Lietuvoje<\/li>\n<li>Oficialus <strong>Ampla<\/strong>\u00ae\u00a0 CTP sprendim\u0173 poligrafijos pramonei atstovas Baltijos \u0161alims<\/li>\n<li>Oficialus <strong>Matrix Engineering<\/strong>\u00ae lenkimo matric\u0173 gamintojo atstovas Lietuvoje<\/li>\n<li>Oficialus <strong>Indumarsan<\/strong>\u00ae klij\u0173 gamintojo spaudos industrijai atstovas Lietuvoje<\/li>\n<li>Oficialus <strong>Foilco<\/strong>\u00ae folijos ekspert\u0173 atstovas Lietuvoje<\/li>\n<\/ul>\n<\/div>\n<div class=\"grid_3\">\n<p><img decoding=\"async\" style=\"margin-bottom: 5px; background-color: #f4f4f4; padding: 4px; border: 1px solid #ececec; border-radius: 10px;\" src=\"http:\/\/www.empeca.lt\/wp-content\/uploads\/2011\/11\/img1.png\" alt=\"\" \/><\/p>\n<h4>&#8220;Komfi&#8221; laminavimo aparatai<\/h4>\n<ul class=\"home-list thin-arrow-list\">\n<li>Geriausias kokyb\u0117s ir kainos santykis<\/li>\n<li>Tvirta konstrukcija, lengvas aptarnavimas<\/li>\n<li>Kompiuterizuotas\u00a0valdymas<\/li>\n<\/ul>\n<div>\n<div><a href=\"http:\/\/www.empeca.lt\/wp-content\/uploads\/2011\/11\/Albyco-logo-black150px.jpg\"><img loading=\"lazy\" decoding=\"async\" title=\"Albyco logo black150px\" src=\"http:\/\/www.empeca.lt\/wp-content\/uploads\/2011\/11\/Albyco-logo-black150px.jpg\" alt=\"\" width=\"127\" height=\"150\" \/><\/a><\/div>\n<h4><\/h4>\n<h4>\u00a0<strong style=\"font-size: 1em;\"><a href=\"http:\/\/www.empeca.lt\/?portfolio=albyco%e2%84%a2-laminatoriai-ir-laminavimo-pleveles\">Albyco\u2122 Staliniai Laminavimo aparatai<\/a><\/strong><\/h4>\n<div>\u2022 Auk\u0161\u010diausios kokyb\u0117s \u012frengimai i\u0161 Olandijos<\/div>\n<div>\u2022 Nuo Ekonomi\u0161ko ir nebrangaus iki greito ir Profesionalaus<\/div>\n<div>\u2022 Visi laminavimo sprendimai ant J\u016bs\u0173 stalo!<\/div>\n<div>\u2022 Laminavimo &#8220;vokai&#8221;, dviguba pl\u0117vel\u0117, vienpusiai rulonai ir dar daugiau!<\/div>\n<\/div>\n<\/div>\n<\/div>\n","protected":false},"excerpt":{"rendered":"<p>EMPECA Versle nuo 1997 met\u0173 Oficialus \u00a0Komfi\u00ae \u00a0atstovas Lietuvoje Oficialus\u00a0KDX\u00ae pl\u0117veli\u0173 atstovas Lietuvoje Oficialus Ampla\u00ae\u00a0 CTP sprendim\u0173 poligrafijos pramonei atstovas Baltijos \u0161alims Oficialus Matrix Engineering\u00ae lenkimo matric\u0173 gamintojo atstovas Lietuvoje Oficialus Indumarsan\u00ae klij\u0173 gamintojo spaudos industrijai atstovas Lietuvoje Oficialus Foilco\u00ae folijos ekspert\u0173 atstovas Lietuvoje &#8220;Komfi&#8221; laminavimo aparatai Geriausias kokyb\u0117s ir&#8230;<\/p>\n","protected":false},"author":1,"featured_media":0,"parent":0,"menu_order":0,"comment_status":"open","ping_status":"closed","template":"","meta":{"footnotes":""},"class_list":["post-68","page","type-page","status-publish","hentry"],"_links":{"self":[{"href":"https:\/\/www.empeca.lt\/index.php?rest_route=\/wp\/v2\/pages\/68","targetHints":{"allow":["GET"]}}],"collection":[{"href":"https:\/\/www.empeca.lt\/index.php?rest_route=\/wp\/v2\/pages"}],"about":[{"href":"https:\/\/www.empeca.lt\/index.php?rest_route=\/wp\/v2\/types\/page"}],"author":[{"embeddable":true,"href":"https:\/\/www.empeca.lt\/index.php?rest_route=\/wp\/v2\/users\/1"}],"replies":[{"embeddable":true,"href":"https:\/\/www.empeca.lt\/index.php?rest_route=%2Fwp%2Fv2%2Fcomments&post=68"}],"version-history":[{"count":64,"href":"https:\/\/www.empeca.lt\/index.php?rest_route=\/wp\/v2\/pages\/68\/revisions"}],"predecessor-version":[{"id":335,"href":"https:\/\/www.empeca.lt\/index.php?rest_route=\/wp\/v2\/pages\/68\/revisions\/335"}],"wp:attachment":[{"href":"https:\/\/www.empeca.lt\/index.php?rest_route=%2Fwp%2Fv2%2Fmedia&parent=68"}],"curies":[{"name":"wp","href":"https:\/\/api.w.org\/{rel}","templated":true}]}}